{"id":2067,"date":"2025-10-23T13:48:08","date_gmt":"2025-10-23T11:48:08","guid":{"rendered":"https:\/\/priordei.com\/nosotros\/"},"modified":"2025-12-05T12:02:42","modified_gmt":"2025-12-05T11:02:42","slug":"nosotros","status":"publish","type":"page","link":"https:\/\/priordei.com\/es\/nosotros\/","title":{"rendered":"Nosotros"},"content":{"rendered":"\t\t<div data-elementor-type=\"wp-page\" data-elementor-id=\"2067\" class=\"elementor elementor-2067 elementor-964\" data-elementor-post-type=\"page\">\n\t\t\t\t<div class=\"elementor-element elementor-element-03a821d e-flex e-con-boxed e-con e-parent\" data-id=\"03a821d\" data-element_type=\"container\" data-e-type=\"container\">\n\t\t\t\t\t<div class=\"e-con-inner\">\n\t\t<div class=\"elementor-element elementor-element-ac265f4 e-con-full e-flex e-con e-child\" data-id=\"ac265f4\" data-element_type=\"container\" data-e-type=\"container\">\n\t\t<div class=\"elementor-element elementor-element-17cf417 e-con-full e-flex e-con e-child\" data-id=\"17cf417\" data-element_type=\"container\" data-e-type=\"container\" data-settings=\"{&quot;background_background&quot;:&quot;classic&quot;}\">\n\t\t\t\t<div class=\"elementor-element elementor-element-7ee12b8 elementor-widget elementor-widget-spacer\" data-id=\"7ee12b8\" data-element_type=\"widget\" data-e-type=\"widget\" data-widget_type=\"spacer.default\">\n\t\t\t\t<div class=\"elementor-widget-container\">\n\t\t\t\t\t\t\t<div class=\"elementor-spacer\">\n\t\t\t<div class=\"elementor-spacer-inner\"><\/div>\n\t\t<\/div>\n\t\t\t\t\t\t<\/div>\n\t\t\t\t<\/div>\n\t\t\t\t<\/div>\n\t\t<div class=\"elementor-element elementor-element-89d0a7c e-con-full e-flex e-con e-child\" data-id=\"89d0a7c\" data-element_type=\"container\" data-e-type=\"container\">\n\t\t<div class=\"elementor-element elementor-element-a0338ea e-con-full e-flex e-con e-child\" data-id=\"a0338ea\" data-element_type=\"container\" data-e-type=\"container\">\n\t\t\t\t<div class=\"elementor-element elementor-element-a31ea11 elementor-widget elementor-widget-heading\" data-id=\"a31ea11\" data-element_type=\"widget\" data-e-type=\"widget\" data-widget_type=\"heading.default\">\n\t\t\t\t<div class=\"elementor-widget-container\">\n\t\t\t\t\t<h2 class=\"elementor-heading-title elementor-size-default\">Somos lo que hacemos -\nDesde 1789<\/h2>\t\t\t\t<\/div>\n\t\t\t\t<\/div>\n\t\t\t\t<div class=\"elementor-element elementor-element-5b321eb elementor-widget-divider--view-line elementor-widget elementor-widget-divider\" data-id=\"5b321eb\" data-element_type=\"widget\" data-e-type=\"widget\" data-widget_type=\"divider.default\">\n\t\t\t\t<div class=\"elementor-widget-container\">\n\t\t\t\t\t\t\t<div class=\"elementor-divider\">\n\t\t\t<span class=\"elementor-divider-separator\">\n\t\t\t\t\t\t<\/span>\n\t\t<\/div>\n\t\t\t\t\t\t<\/div>\n\t\t\t\t<\/div>\n\t\t\t\t<\/div>\n\t\t<div class=\"elementor-element elementor-element-679a053 e-con-full e-flex e-con e-child\" data-id=\"679a053\" data-element_type=\"container\" data-e-type=\"container\">\n\t\t\t\t<div class=\"elementor-element elementor-element-ad27640 elementor-widget elementor-widget-text-editor\" data-id=\"ad27640\" data-element_type=\"widget\" data-e-type=\"widget\" data-widget_type=\"text-editor.default\">\n\t\t\t\t<div class=\"elementor-widget-container\">\n\t\t\t\t\t\t\t\t\t<p>Hombres y mujeres unidos por un amor incondicional a la tierra, sus frutos y su naturaleza.<br>El respeto por el territorio, el conocimiento transmitido de generaci\u00f3n en generaci\u00f3n y la voluntad de preservar un legado \u00fanico han definido nuestra manera de trabajar, siempre con un \u00fanico objetivo: obtener la m\u00e1xima calidad en nuestros aceites de oliva virgen extra.<\/p><p>A\u00f1o tras a\u00f1o, hemos aprendido a escuchar la tierra, a entender sus ritmos y a cuidarla con la paciencia y el esfuerzo constantes que requiere. Este di\u00e1logo silencioso con el entorno es lo que ha permitido que nuestros olivos crezcan fuertes y que su fruto se convierta en aceites excepcionales, fieles al car\u00e1cter de nuestra historia. <\/p><p>Hoy, la explotaci\u00f3n familiar est\u00e1 dirigida por Jordi Ciuraneta, junto con su esposa Anna Mart\u00ed, su hermano Xavier Ciuraneta y sus dos hijos Pau y Laia Ciuraneta. Todos ellos trabajan juntos con la misma dedicaci\u00f3n y estima que sus antepasados, renovando cada d\u00eda el esp\u00edritu de una tradici\u00f3n que, desde 1789, ha mantenido viva la esencia de una manera de entender la tierra y su valor.<\/p>\t\t\t\t\t\t\t\t<\/div>\n\t\t\t\t<\/div>\n\t\t\t\t<\/div>\n\t\t\t\t<\/div>\n\t\t\t\t<\/div>\n\t\t\t\t\t<\/div>\n\t\t\t\t<\/div>\n\t\t<div class=\"elementor-element elementor-element-7d65057 e-flex e-con-boxed e-con e-parent\" data-id=\"7d65057\" data-element_type=\"container\" data-e-type=\"container\" data-settings=\"{&quot;background_background&quot;:&quot;classic&quot;}\">\n\t\t\t\t\t<div class=\"e-con-inner\">\n\t\t<div class=\"elementor-element elementor-element-08d325c e-con-full e-flex e-con e-child\" data-id=\"08d325c\" data-element_type=\"container\" data-e-type=\"container\">\n\t\t\t\t<div class=\"elementor-element elementor-element-b5970c8 elementor-widget-divider--view-line elementor-widget elementor-widget-divider\" data-id=\"b5970c8\" data-element_type=\"widget\" data-e-type=\"widget\" data-widget_type=\"divider.default\">\n\t\t\t\t<div class=\"elementor-widget-container\">\n\t\t\t\t\t\t\t<div class=\"elementor-divider\">\n\t\t\t<span class=\"elementor-divider-separator\">\n\t\t\t\t\t\t<\/span>\n\t\t<\/div>\n\t\t\t\t\t\t<\/div>\n\t\t\t\t<\/div>\n\t\t\t\t<div class=\"elementor-element elementor-element-8e10d8c elementor-widget__width-initial elementor-widget elementor-widget-text-editor\" data-id=\"8e10d8c\" data-element_type=\"widget\" data-e-type=\"widget\" data-widget_type=\"text-editor.default\">\n\t\t\t\t<div class=\"elementor-widget-container\">\n\t\t\t\t\t\t\t\t\t<p><em>Llamamos Priordei al milagro de poner en un recipiente todo el esfuerzo, pasi\u00f3n e ilusiones de nuestra familia. Priordei es mucho m\u00e1s que aceite de oliva virgen extra, Priordei son emociones y sensaciones.  <\/em><\/p>\t\t\t\t\t\t\t\t<\/div>\n\t\t\t\t<\/div>\n\t\t\t\t<div class=\"elementor-element elementor-element-c3df613 elementor-widget-divider--view-line elementor-widget elementor-widget-divider\" data-id=\"c3df613\" data-element_type=\"widget\" data-e-type=\"widget\" data-widget_type=\"divider.default\">\n\t\t\t\t<div class=\"elementor-widget-container\">\n\t\t\t\t\t\t\t<div class=\"elementor-divider\">\n\t\t\t<span class=\"elementor-divider-separator\">\n\t\t\t\t\t\t<\/span>\n\t\t<\/div>\n\t\t\t\t\t\t<\/div>\n\t\t\t\t<\/div>\n\t\t\t\t<\/div>\n\t\t<div class=\"elementor-element elementor-element-cbbf73f e-con-full e-flex e-con e-child\" data-id=\"cbbf73f\" data-element_type=\"container\" data-e-type=\"container\">\n\t\t<div class=\"elementor-element elementor-element-f86c7b9 e-con-full e-flex e-con e-child\" data-id=\"f86c7b9\" data-element_type=\"container\" data-e-type=\"container\" data-settings=\"{&quot;background_background&quot;:&quot;video&quot;,&quot;background_video_link&quot;:&quot;https:\\\/\\\/priordei.com\\\/wp-content\\\/uploads\\\/2025\\\/11\\\/video-priordei1-1-1.mp4&quot;}\">\n\t\t<div class=\"elementor-background-video-container elementor-hidden-mobile\">\n\t\t\t\t\t\t\t<video class=\"elementor-background-video-hosted\" role=\"presentation\" autoplay muted playsinline loop><\/video>\n\t\t\t\t\t<\/div>\t\t<\/div>\n\t\t<div class=\"elementor-element elementor-element-e5e637c e-con-full e-flex e-con e-child\" data-id=\"e5e637c\" data-element_type=\"container\" data-e-type=\"container\" data-settings=\"{&quot;background_background&quot;:&quot;classic&quot;}\">\n\t\t\t\t<div class=\"elementor-element elementor-element-d1def55 elementor-widget elementor-widget-spacer\" data-id=\"d1def55\" data-element_type=\"widget\" data-e-type=\"widget\" data-widget_type=\"spacer.default\">\n\t\t\t\t<div class=\"elementor-widget-container\">\n\t\t\t\t\t\t\t<div class=\"elementor-spacer\">\n\t\t\t<div class=\"elementor-spacer-inner\"><\/div>\n\t\t<\/div>\n\t\t\t\t\t\t<\/div>\n\t\t\t\t<\/div>\n\t\t\t\t<\/div>\n\t\t\t\t<\/div>\n\t\t<div class=\"elementor-element elementor-element-4f39f0f e-con-full e-flex e-con e-child\" data-id=\"4f39f0f\" data-element_type=\"container\" data-e-type=\"container\">\n\t\t\t\t<div class=\"elementor-element elementor-element-50c7ddb elementor-widget__width-initial elementor-widget elementor-widget-text-editor\" data-id=\"50c7ddb\" data-element_type=\"widget\" data-e-type=\"widget\" data-widget_type=\"text-editor.default\">\n\t\t\t\t<div class=\"elementor-widget-container\">\n\t\t\t\t\t\t\t\t\tPara nosotros el aceite de oliva es definici\u00f3n de agricultura, paisaje, territorio, salud, bienestar y gastronom\u00eda, pero sobre todo es la memoria que se transmite de generaci\u00f3n en generaci\u00f3n dentro de nuestra familia, cultura del esfuerzo y constancia, valores que creemos que nos definen.\t\t\t\t\t\t\t\t<\/div>\n\t\t\t\t<\/div>\n\t\t\t\t<\/div>\n\t\t\t\t\t<\/div>\n\t\t\t\t<\/div>\n\t\t<div class=\"elementor-element elementor-element-73094ca e-flex e-con-boxed e-con e-parent\" data-id=\"73094ca\" data-element_type=\"container\" data-e-type=\"container\" data-settings=\"{&quot;background_background&quot;:&quot;classic&quot;}\">\n\t\t\t\t\t<div class=\"e-con-inner\">\n\t\t\t\t<div class=\"elementor-element elementor-element-366a279 elementor-widget elementor-widget-spacer\" data-id=\"366a279\" data-element_type=\"widget\" data-e-type=\"widget\" data-widget_type=\"spacer.default\">\n\t\t\t\t<div class=\"elementor-widget-container\">\n\t\t\t\t\t\t\t<div class=\"elementor-spacer\">\n\t\t\t<div class=\"elementor-spacer-inner\"><\/div>\n\t\t<\/div>\n\t\t\t\t\t\t<\/div>\n\t\t\t\t<\/div>\n\t\t\t\t\t<\/div>\n\t\t\t\t<\/div>\n\t\t<div class=\"elementor-element elementor-element-74dbb2c e-flex e-con-boxed e-con e-parent\" data-id=\"74dbb2c\" data-element_type=\"container\" data-e-type=\"container\">\n\t\t\t\t\t<div class=\"e-con-inner\">\n\t\t<div class=\"elementor-element elementor-element-8d6acf3 e-con-full e-flex e-con e-child\" data-id=\"8d6acf3\" data-element_type=\"container\" data-e-type=\"container\" data-settings=\"{&quot;background_background&quot;:&quot;classic&quot;}\">\n\t\t\t\t<div class=\"elementor-element elementor-element-3deb87b elementor-widget elementor-widget-image\" data-id=\"3deb87b\" data-element_type=\"widget\" data-e-type=\"widget\" data-widget_type=\"image.default\">\n\t\t\t\t<div class=\"elementor-widget-container\">\n\t\t\t\t\t\t\t\t\t\t\t\t\t\t\t<img decoding=\"async\" width=\"56\" height=\"54\" src=\"https:\/\/priordei.com\/wp-content\/uploads\/2025\/11\/Frame-4.png\" class=\"attachment-large size-large wp-image-2070\" alt=\"\" \/>\t\t\t\t\t\t\t\t\t\t\t\t\t\t\t<\/div>\n\t\t\t\t<\/div>\n\t\t\t\t<div class=\"elementor-element elementor-element-7b06147 elementor-widget__width-initial elementor-widget elementor-widget-text-editor\" data-id=\"7b06147\" data-element_type=\"widget\" data-e-type=\"widget\" data-widget_type=\"text-editor.default\">\n\t\t\t\t<div class=\"elementor-widget-container\">\n\t\t\t\t\t\t\t\t\t<p>El olivo define qui\u00e9nes somos: constantes, perseverantes y resilientes. A lo largo de generaciones hemos<br>cre\u00eddo en el olivo como s\u00edmbolo de un trabajo pausado y bien hecho, buscando siempre la excelencia en todo lo que hacemos. <\/p>\t\t\t\t\t\t\t\t<\/div>\n\t\t\t\t<\/div>\n\t\t\t\t<\/div>\n\t\t\t\t\t<\/div>\n\t\t\t\t<\/div>\n\t\t\t\t<\/div>\n\t\t","protected":false},"excerpt":{"rendered":"<p>Somos lo que hacemos \u2013 Desde 1789 Hombres y mujeres unidos por un amor incondicional a la tierra, sus frutos y su naturaleza.El respeto por el territorio, el conocimiento transmitido de generaci\u00f3n en generaci\u00f3n y la voluntad de preservar un legado \u00fanico han definido nuestra manera de trabajar, siempre con un \u00fanico objetivo: obtener la [&hellip;]<\/p>\n","protected":false},"author":3,"featured_media":0,"parent":0,"menu_order":0,"comment_status":"closed","ping_status":"closed","template":"","meta":{"_acf_changed":false,"inline_featured_image":false,"footnotes":""},"class_list":["post-2067","page","type-page","status-publish","hentry"],"acf":[],"yoast_head":"<!-- This site is optimized with the Yoast SEO plugin v27.5 - https:\/\/yoast.com\/product\/yoast-seo-wordpress\/ -->\n<title>\u25b7Nosotros - \u3010 PRIORDEI \u3011<\/title>\n<meta name=\"description\" content=\"Somos lo que hacemos - Desde 1789 Hombres y mujeres unidos por un amor incondicional a la tierra, sus frutos y su naturaleza.El respeto por el territorio, \u2713\" \/>\n<meta name=\"robots\" content=\"index, follow, max-snippet:-1, max-image-preview:large, max-video-preview:-1\" \/>\n<link rel=\"canonical\" href=\"https:\/\/priordei.com\/es\/nosotros\/\" \/>\n<meta property=\"og:locale\" content=\"es_ES\" \/>\n<meta property=\"og:type\" content=\"article\" \/>\n<meta property=\"og:title\" content=\"\u25b7Nosotros - \u3010 PRIORDEI \u3011\" \/>\n<meta property=\"og:description\" content=\"Somos lo que hacemos - Desde 1789 Hombres y mujeres unidos por un amor incondicional a la tierra, sus frutos y su naturaleza.El respeto por el territorio, \u2713\" \/>\n<meta property=\"og:url\" content=\"https:\/\/priordei.com\/es\/nosotros\/\" \/>\n<meta property=\"og:site_name\" content=\"PRIORDEI\" \/>\n<meta property=\"article:modified_time\" content=\"2025-12-05T11:02:42+00:00\" \/>\n<meta property=\"og:image\" content=\"https:\/\/priordei.com\/wp-content\/uploads\/2025\/11\/Frame-4.png\" \/>\n\t<meta property=\"og:image:width\" content=\"56\" \/>\n\t<meta property=\"og:image:height\" content=\"54\" \/>\n\t<meta property=\"og:image:type\" content=\"image\/png\" \/>\n<meta name=\"twitter:card\" content=\"summary_large_image\" \/>\n<meta name=\"twitter:label1\" content=\"Tiempo de lectura\" \/>\n\t<meta name=\"twitter:data1\" content=\"2 minutos\" \/>\n<script type=\"application\/ld+json\" class=\"yoast-schema-graph\">{\"@context\":\"https:\\\/\\\/schema.org\",\"@graph\":[{\"@type\":\"WebPage\",\"@id\":\"https:\\\/\\\/priordei.com\\\/es\\\/nosotros\\\/\",\"url\":\"https:\\\/\\\/priordei.com\\\/es\\\/nosotros\\\/\",\"name\":\"\u25b7Nosotros - \u3010 PRIORDEI \u3011\",\"isPartOf\":{\"@id\":\"https:\\\/\\\/priordei.com\\\/es\\\/#website\"},\"primaryImageOfPage\":{\"@id\":\"https:\\\/\\\/priordei.com\\\/es\\\/nosotros\\\/#primaryimage\"},\"image\":{\"@id\":\"https:\\\/\\\/priordei.com\\\/es\\\/nosotros\\\/#primaryimage\"},\"thumbnailUrl\":\"https:\\\/\\\/priordei.com\\\/wp-content\\\/uploads\\\/2025\\\/11\\\/Frame-4.png\",\"datePublished\":\"2025-10-23T11:48:08+00:00\",\"dateModified\":\"2025-12-05T11:02:42+00:00\",\"description\":\"Somos lo que hacemos - Desde 1789 Hombres y mujeres unidos por un amor incondicional a la tierra, sus frutos y su naturaleza.El respeto por el territorio, \u2713\",\"breadcrumb\":{\"@id\":\"https:\\\/\\\/priordei.com\\\/es\\\/nosotros\\\/#breadcrumb\"},\"inLanguage\":\"es\",\"potentialAction\":[{\"@type\":\"ReadAction\",\"target\":[\"https:\\\/\\\/priordei.com\\\/es\\\/nosotros\\\/\"]}]},{\"@type\":\"ImageObject\",\"inLanguage\":\"es\",\"@id\":\"https:\\\/\\\/priordei.com\\\/es\\\/nosotros\\\/#primaryimage\",\"url\":\"https:\\\/\\\/priordei.com\\\/wp-content\\\/uploads\\\/2025\\\/11\\\/Frame-4.png\",\"contentUrl\":\"https:\\\/\\\/priordei.com\\\/wp-content\\\/uploads\\\/2025\\\/11\\\/Frame-4.png\"},{\"@type\":\"BreadcrumbList\",\"@id\":\"https:\\\/\\\/priordei.com\\\/es\\\/nosotros\\\/#breadcrumb\",\"itemListElement\":[{\"@type\":\"ListItem\",\"position\":1,\"name\":\"Portada\",\"item\":\"https:\\\/\\\/priordei.com\\\/es\\\/inicio\\\/\"},{\"@type\":\"ListItem\",\"position\":2,\"name\":\"Nosotros\"}]},{\"@type\":\"WebSite\",\"@id\":\"https:\\\/\\\/priordei.com\\\/es\\\/#website\",\"url\":\"https:\\\/\\\/priordei.com\\\/es\\\/\",\"name\":\"PRIORDEI\",\"description\":\"Olis d&#039;oliva des de 1789\",\"publisher\":{\"@id\":\"https:\\\/\\\/priordei.com\\\/es\\\/#organization\"},\"potentialAction\":[{\"@type\":\"SearchAction\",\"target\":{\"@type\":\"EntryPoint\",\"urlTemplate\":\"https:\\\/\\\/priordei.com\\\/es\\\/?s={search_term_string}\"},\"query-input\":{\"@type\":\"PropertyValueSpecification\",\"valueRequired\":true,\"valueName\":\"search_term_string\"}}],\"inLanguage\":\"es\"},{\"@type\":\"Organization\",\"@id\":\"https:\\\/\\\/priordei.com\\\/es\\\/#organization\",\"name\":\"PRIORDEI\",\"url\":\"https:\\\/\\\/priordei.com\\\/es\\\/\",\"logo\":{\"@type\":\"ImageObject\",\"inLanguage\":\"es\",\"@id\":\"https:\\\/\\\/priordei.com\\\/es\\\/#\\\/schema\\\/logo\\\/image\\\/\",\"url\":\"https:\\\/\\\/priordei.com\\\/wp-content\\\/uploads\\\/2021\\\/10\\\/logo-priordei_blanco-1.png\",\"contentUrl\":\"https:\\\/\\\/priordei.com\\\/wp-content\\\/uploads\\\/2021\\\/10\\\/logo-priordei_blanco-1.png\",\"width\":181,\"height\":60,\"caption\":\"PRIORDEI\"},\"image\":{\"@id\":\"https:\\\/\\\/priordei.com\\\/es\\\/#\\\/schema\\\/logo\\\/image\\\/\"}}]}<\/script>\n<!-- \/ Yoast SEO plugin. -->","yoast_head_json":{"title":"\u25b7Nosotros - \u3010 PRIORDEI \u3011","description":"Somos lo que hacemos - Desde 1789 Hombres y mujeres unidos por un amor incondicional a la tierra, sus frutos y su naturaleza.El respeto por el territorio, \u2713","robots":{"index":"index","follow":"follow","max-snippet":"max-snippet:-1","max-image-preview":"max-image-preview:large","max-video-preview":"max-video-preview:-1"},"canonical":"https:\/\/priordei.com\/es\/nosotros\/","og_locale":"es_ES","og_type":"article","og_title":"\u25b7Nosotros - \u3010 PRIORDEI \u3011","og_description":"Somos lo que hacemos - Desde 1789 Hombres y mujeres unidos por un amor incondicional a la tierra, sus frutos y su naturaleza.El respeto por el territorio, \u2713","og_url":"https:\/\/priordei.com\/es\/nosotros\/","og_site_name":"PRIORDEI","article_modified_time":"2025-12-05T11:02:42+00:00","og_image":[{"width":56,"height":54,"url":"https:\/\/priordei.com\/wp-content\/uploads\/2025\/11\/Frame-4.png","type":"image\/png"}],"twitter_card":"summary_large_image","twitter_misc":{"Tiempo de lectura":"2 minutos"},"schema":{"@context":"https:\/\/schema.org","@graph":[{"@type":"WebPage","@id":"https:\/\/priordei.com\/es\/nosotros\/","url":"https:\/\/priordei.com\/es\/nosotros\/","name":"\u25b7Nosotros - \u3010 PRIORDEI \u3011","isPartOf":{"@id":"https:\/\/priordei.com\/es\/#website"},"primaryImageOfPage":{"@id":"https:\/\/priordei.com\/es\/nosotros\/#primaryimage"},"image":{"@id":"https:\/\/priordei.com\/es\/nosotros\/#primaryimage"},"thumbnailUrl":"https:\/\/priordei.com\/wp-content\/uploads\/2025\/11\/Frame-4.png","datePublished":"2025-10-23T11:48:08+00:00","dateModified":"2025-12-05T11:02:42+00:00","description":"Somos lo que hacemos - Desde 1789 Hombres y mujeres unidos por un amor incondicional a la tierra, sus frutos y su naturaleza.El respeto por el territorio, \u2713","breadcrumb":{"@id":"https:\/\/priordei.com\/es\/nosotros\/#breadcrumb"},"inLanguage":"es","potentialAction":[{"@type":"ReadAction","target":["https:\/\/priordei.com\/es\/nosotros\/"]}]},{"@type":"ImageObject","inLanguage":"es","@id":"https:\/\/priordei.com\/es\/nosotros\/#primaryimage","url":"https:\/\/priordei.com\/wp-content\/uploads\/2025\/11\/Frame-4.png","contentUrl":"https:\/\/priordei.com\/wp-content\/uploads\/2025\/11\/Frame-4.png"},{"@type":"BreadcrumbList","@id":"https:\/\/priordei.com\/es\/nosotros\/#breadcrumb","itemListElement":[{"@type":"ListItem","position":1,"name":"Portada","item":"https:\/\/priordei.com\/es\/inicio\/"},{"@type":"ListItem","position":2,"name":"Nosotros"}]},{"@type":"WebSite","@id":"https:\/\/priordei.com\/es\/#website","url":"https:\/\/priordei.com\/es\/","name":"PRIORDEI","description":"Olis d&#039;oliva des de 1789","publisher":{"@id":"https:\/\/priordei.com\/es\/#organization"},"potentialAction":[{"@type":"SearchAction","target":{"@type":"EntryPoint","urlTemplate":"https:\/\/priordei.com\/es\/?s={search_term_string}"},"query-input":{"@type":"PropertyValueSpecification","valueRequired":true,"valueName":"search_term_string"}}],"inLanguage":"es"},{"@type":"Organization","@id":"https:\/\/priordei.com\/es\/#organization","name":"PRIORDEI","url":"https:\/\/priordei.com\/es\/","logo":{"@type":"ImageObject","inLanguage":"es","@id":"https:\/\/priordei.com\/es\/#\/schema\/logo\/image\/","url":"https:\/\/priordei.com\/wp-content\/uploads\/2021\/10\/logo-priordei_blanco-1.png","contentUrl":"https:\/\/priordei.com\/wp-content\/uploads\/2021\/10\/logo-priordei_blanco-1.png","width":181,"height":60,"caption":"PRIORDEI"},"image":{"@id":"https:\/\/priordei.com\/es\/#\/schema\/logo\/image\/"}}]}},"_links":{"self":[{"href":"https:\/\/priordei.com\/es\/wp-json\/wp\/v2\/pages\/2067","targetHints":{"allow":["GET"]}}],"collection":[{"href":"https:\/\/priordei.com\/es\/wp-json\/wp\/v2\/pages"}],"about":[{"href":"https:\/\/priordei.com\/es\/wp-json\/wp\/v2\/types\/page"}],"author":[{"embeddable":true,"href":"https:\/\/priordei.com\/es\/wp-json\/wp\/v2\/users\/3"}],"replies":[{"embeddable":true,"href":"https:\/\/priordei.com\/es\/wp-json\/wp\/v2\/comments?post=2067"}],"version-history":[{"count":3,"href":"https:\/\/priordei.com\/es\/wp-json\/wp\/v2\/pages\/2067\/revisions"}],"predecessor-version":[{"id":2472,"href":"https:\/\/priordei.com\/es\/wp-json\/wp\/v2\/pages\/2067\/revisions\/2472"}],"wp:attachment":[{"href":"https:\/\/priordei.com\/es\/wp-json\/wp\/v2\/media?parent=2067"}],"curies":[{"name":"wp","href":"https:\/\/api.w.org\/{rel}","templated":true}]}}