{"id":1931,"date":"2025-10-23T13:50:35","date_gmt":"2025-10-23T11:50:35","guid":{"rendered":"https:\/\/priordei.com\/contacto\/"},"modified":"2025-11-20T08:25:39","modified_gmt":"2025-11-20T07:25:39","slug":"contacto","status":"publish","type":"page","link":"https:\/\/priordei.com\/es\/contacto\/","title":{"rendered":"Contacto"},"content":{"rendered":"\t\t<div data-elementor-type=\"wp-page\" data-elementor-id=\"1931\" class=\"elementor elementor-1931 elementor-1001\" data-elementor-post-type=\"page\">\n\t\t\t\t<div class=\"elementor-element elementor-element-24998b7 e-flex e-con-boxed e-con e-parent\" data-id=\"24998b7\" data-element_type=\"container\" data-e-type=\"container\">\n\t\t\t\t\t<div class=\"e-con-inner\">\n\t\t<div class=\"elementor-element elementor-element-371ef5a e-con-full e-flex e-con e-child\" data-id=\"371ef5a\" data-element_type=\"container\" data-e-type=\"container\">\n\t\t\t\t<div class=\"elementor-element elementor-element-b3fe98f elementor-widget elementor-widget-heading\" data-id=\"b3fe98f\" data-element_type=\"widget\" data-e-type=\"widget\" data-widget_type=\"heading.default\">\n\t\t\t\t<div class=\"elementor-widget-container\">\n\t\t\t\t\t<h2 class=\"elementor-heading-title elementor-size-default\">Contacte con nosotros<\/h2>\t\t\t\t<\/div>\n\t\t\t\t<\/div>\n\t\t\t\t<div class=\"elementor-element elementor-element-9e164ed elementor-widget elementor-widget-text-editor\" data-id=\"9e164ed\" data-element_type=\"widget\" data-e-type=\"widget\" data-widget_type=\"text-editor.default\">\n\t\t\t\t<div class=\"elementor-widget-container\">\n\t\t\t\t\t\t\t\t\t<p>Estamos aqu\u00ed para resolver sus dudas, atender sus pedidos u ofrecerle m\u00e1s informaci\u00f3n sobre nuestros productos y experiencias.<\/p>\t\t\t\t\t\t\t\t<\/div>\n\t\t\t\t<\/div>\n\t\t\t\t<div class=\"elementor-element elementor-element-5182f6f elementor-button-align-stretch elementor-widget elementor-widget-form\" data-id=\"5182f6f\" data-element_type=\"widget\" data-e-type=\"widget\" data-settings=\"{&quot;button_width&quot;:&quot;50&quot;,&quot;step_next_label&quot;:&quot;Siguiente&quot;,&quot;step_previous_label&quot;:&quot;Anterior&quot;,&quot;step_type&quot;:&quot;number_text&quot;,&quot;step_icon_shape&quot;:&quot;circle&quot;}\" data-widget_type=\"form.default\">\n\t\t\t\t<div class=\"elementor-widget-container\">\n\t\t\t\t\t\t\t<form class=\"elementor-form\" method=\"post\" name=\"Nuevo formulario\" aria-label=\"Nuevo formulario\">\n\t\t\t<input type=\"hidden\" name=\"post_id\" value=\"1931\"\/>\n\t\t\t<input type=\"hidden\" name=\"form_id\" value=\"5182f6f\"\/>\n\t\t\t<input type=\"hidden\" name=\"referer_title\" value=\"\u25b7Contacto - \u3010 PRIORDEI \u3011\" \/>\n\n\t\t\t\t\t\t\t<input type=\"hidden\" name=\"queried_id\" value=\"1931\"\/>\n\t\t\t\n\t\t\t<div class=\"elementor-form-fields-wrapper elementor-labels-above\">\n\t\t\t\t\t\t\t\t<div class=\"elementor-field-type-text elementor-field-group elementor-column elementor-field-group-name elementor-col-50\">\n\t\t\t\t\t\t\t\t\t\t\t\t\t<input size=\"1\" type=\"text\" name=\"form_fields[name]\" id=\"form-field-name\" class=\"elementor-field elementor-size-sm  elementor-field-textual\" placeholder=\"Nombre\">\n\t\t\t\t\t\t\t\t\t\t\t<\/div>\n\t\t\t\t\t\t\t\t<div class=\"elementor-field-type-email elementor-field-group elementor-column elementor-field-group-email elementor-col-50 elementor-field-required\">\n\t\t\t\t\t\t\t\t\t\t\t\t\t<input size=\"1\" type=\"email\" name=\"form_fields[email]\" id=\"form-field-email\" class=\"elementor-field elementor-size-sm  elementor-field-textual\" placeholder=\"Correo electr\u00f3nico\" required=\"required\">\n\t\t\t\t\t\t\t\t\t\t\t<\/div>\n\t\t\t\t\t\t\t\t<div class=\"elementor-field-type-textarea elementor-field-group elementor-column elementor-field-group-message elementor-col-100\">\n\t\t\t\t\t<textarea class=\"elementor-field-textual elementor-field  elementor-size-sm\" name=\"form_fields[message]\" id=\"form-field-message\" rows=\"8\" placeholder=\"Escriba aqu\u00ed sus comentarios\"><\/textarea>\t\t\t\t<\/div>\n\t\t\t\t\t\t\t\t<div class=\"elementor-field-type-acceptance elementor-field-group elementor-column elementor-field-group-field_9196665 elementor-col-100\">\n\t\t\t\t\t\t\t<div class=\"elementor-field-subgroup\">\n\t\t\t<span class=\"elementor-field-option\">\n\t\t\t\t<input type=\"checkbox\" name=\"form_fields[field_9196665]\" id=\"form-field-field_9196665\" class=\"elementor-field elementor-size-sm  elementor-acceptance-field\">\n\t\t\t\t<label for=\"form-field-field_9196665\">Entiendo y acepto la pol\u00edtica de privacidad.<\/label>\t\t\t<\/span>\n\t\t<\/div>\n\t\t\t\t\t\t<\/div>\n\t\t\t\t\t\t\t\t<div class=\"elementor-field-type-recaptcha_v3 elementor-field-group elementor-column elementor-field-group-field_9847085 elementor-col-100 recaptcha_v3-bottomright\">\n\t\t\t\t\t<div class=\"elementor-field\" id=\"form-field-field_9847085\"><div class=\"elementor-g-recaptcha\" data-sitekey=\"6LeDG0srAAAAAMsKWq4f9Fc5wHJQNcr2k2MyVZUM\" data-type=\"v3\" data-action=\"Form\" data-badge=\"bottomright\" data-size=\"invisible\"><\/div><\/div>\t\t\t\t<\/div>\n\t\t\t\t\t\t\t\t<div class=\"elementor-field-type-text\">\n\t\t\t\t\t<input size=\"1\" type=\"text\" name=\"form_fields[field_91de1a0]\" id=\"form-field-field_91de1a0\" class=\"elementor-field elementor-size-sm \" style=\"display:none !important;\">\t\t\t\t<\/div>\n\t\t\t\t\t\t\t\t<div class=\"elementor-field-group elementor-column elementor-field-type-submit elementor-col-50 e-form__buttons\">\n\t\t\t\t\t<button class=\"elementor-button elementor-size-sm\" type=\"submit\">\n\t\t\t\t\t\t<span class=\"elementor-button-content-wrapper\">\n\t\t\t\t\t\t\t\t\t\t\t\t\t\t\t\t\t\t\t\t\t\t<span class=\"elementor-button-text\">Enviar<\/span>\n\t\t\t\t\t\t\t\t\t\t\t\t\t<\/span>\n\t\t\t\t\t<\/button>\n\t\t\t\t<\/div>\n\t\t\t<\/div>\n\t\t<\/form>\n\t\t\t\t\t\t<\/div>\n\t\t\t\t<\/div>\n\t\t\t\t<div class=\"elementor-element elementor-element-a102eb5 elementor-widget elementor-widget-text-editor\" data-id=\"a102eb5\" data-element_type=\"widget\" data-e-type=\"widget\" data-widget_type=\"text-editor.default\">\n\t\t\t\t<div class=\"elementor-widget-container\">\n\t\t\t\t\t\t\t\t\t<p>Si lo prefiere, puede contactarnos directamente en <a href=\"mailto:info@priordei.com\"><strong>info@priordei.com<\/strong><\/a>. <br>Estaremos encantados de hablar con usted.<\/p>\t\t\t\t\t\t\t\t<\/div>\n\t\t\t\t<\/div>\n\t\t\t\t<\/div>\n\t\t<div class=\"elementor-element elementor-element-40ab49f e-con-full e-flex e-con e-child\" data-id=\"40ab49f\" data-element_type=\"container\" data-e-type=\"container\" data-settings=\"{&quot;background_background&quot;:&quot;classic&quot;}\">\n\t\t\t\t<\/div>\n\t\t\t\t\t<\/div>\n\t\t\t\t<\/div>\n\t\t<div class=\"elementor-element elementor-element-00acfdd e-flex e-con-boxed e-con e-parent\" data-id=\"00acfdd\" data-element_type=\"container\" data-e-type=\"container\">\n\t\t\t\t\t<div class=\"e-con-inner\">\n\t\t<div class=\"elementor-element elementor-element-8bebcfd e-con-full e-flex e-con e-child\" data-id=\"8bebcfd\" data-element_type=\"container\" data-e-type=\"container\">\n\t\t\t\t<div class=\"elementor-element elementor-element-6b8d07c elementor-widget elementor-widget-heading\" data-id=\"6b8d07c\" data-element_type=\"widget\" data-e-type=\"widget\" data-widget_type=\"heading.default\">\n\t\t\t\t<div class=\"elementor-widget-container\">\n\t\t\t\t\t<h2 class=\"elementor-heading-title elementor-size-default\">D\u00f3nde estamos<\/h2>\t\t\t\t<\/div>\n\t\t\t\t<\/div>\n\t\t\t\t<div class=\"elementor-element elementor-element-df24f47 elementor-widget elementor-widget-text-editor\" data-id=\"df24f47\" data-element_type=\"widget\" data-e-type=\"widget\" data-widget_type=\"text-editor.default\">\n\t\t\t\t<div class=\"elementor-widget-container\">\n\t\t\t\t\t\t\t\t\t<p>Nos encontrar\u00e1 entre olivos y monta\u00f1as, en el coraz\u00f3n del Montsant. <br>Venga a descubrir d\u00f3nde nace nuestro aceite y viva la esencia del territorio.<\/p>\t\t\t\t\t\t\t\t<\/div>\n\t\t\t\t<\/div>\n\t\t\t\t<div class=\"elementor-element elementor-element-b46801f elementor-widget elementor-widget-text-editor\" data-id=\"b46801f\" data-element_type=\"widget\" data-e-type=\"widget\" data-widget_type=\"text-editor.default\">\n\t\t\t\t<div class=\"elementor-widget-container\">\n\t\t\t\t\t\t\t\t\t<p><a href=\"https:\/\/maps.app.goo.gl\/NYsKLe8zMuo9YPEaA\">C\/ Afores, s\/n, 43371 Margalef, Tarragona<\/a><br><a href=\"callto:973%2094%2018%2048\">973 94 18 48<\/a><\/p>\t\t\t\t\t\t\t\t<\/div>\n\t\t\t\t<\/div>\n\t\t\t\t<\/div>\n\t\t<div class=\"elementor-element elementor-element-8baeaed e-con-full e-flex e-con e-child\" data-id=\"8baeaed\" data-element_type=\"container\" data-e-type=\"container\" data-settings=\"{&quot;background_background&quot;:&quot;classic&quot;}\">\n\t\t\t\t<div class=\"elementor-element elementor-element-0b601df elementor-widget elementor-widget-google_maps\" data-id=\"0b601df\" data-element_type=\"widget\" data-e-type=\"widget\" data-widget_type=\"google_maps.default\">\n\t\t\t\t<div class=\"elementor-widget-container\">\n\t\t\t\t\t\t\t<div class=\"elementor-custom-embed\">\n\t\t\t<iframe loading=\"lazy\"\n\t\t\t\t\tsrc=\"https:\/\/maps.google.com\/maps?q=C%2F%20Afores%2C%20s%2Fn%2C%2043371%20Margalef%2C%20Tarragona&#038;t=m&#038;z=16&#038;output=embed&#038;iwloc=near\"\n\t\t\t\t\ttitle=\"C\/ Afores, s\/n, 43371 Margalef, Tarragona\"\n\t\t\t\t\taria-label=\"C\/ Afores, s\/n, 43371 Margalef, Tarragona\"\n\t\t\t><\/iframe>\n\t\t<\/div>\n\t\t\t\t\t\t<\/div>\n\t\t\t\t<\/div>\n\t\t\t\t<\/div>\n\t\t\t\t\t<\/div>\n\t\t\t\t<\/div>\n\t\t\t\t<\/div>\n\t\t","protected":false},"excerpt":{"rendered":"<p>Contacte con nosotros Estamos aqu\u00ed para resolver sus dudas, atender sus pedidos u ofrecerle m\u00e1s informaci\u00f3n sobre nuestros productos y experiencias. Si lo prefiere, puede contactarnos directamente en info@priordei.com. Estaremos encantados de hablar con usted. D\u00f3nde estamos Nos encontrar\u00e1 entre olivos y monta\u00f1as, en el coraz\u00f3n del Montsant. Venga a descubrir d\u00f3nde nace nuestro aceite [&hellip;]<\/p>\n","protected":false},"author":3,"featured_media":0,"parent":0,"menu_order":0,"comment_status":"closed","ping_status":"closed","template":"","meta":{"_acf_changed":false,"inline_featured_image":false,"footnotes":""},"class_list":["post-1931","page","type-page","status-publish","hentry"],"acf":[],"yoast_head":"<!-- This site is optimized with the Yoast SEO plugin v27.5 - https:\/\/yoast.com\/product\/yoast-seo-wordpress\/ -->\n<title>\u25b7Contacto - \u3010 PRIORDEI \u3011<\/title>\n<meta name=\"description\" content=\"Contacte con nosotros Estamos aqu\u00ed para resolver sus dudas, atender sus pedidos u ofrecerle m\u00e1s informaci\u00f3n sobre nuestros productos y experiencias.Si lo \u2713\" \/>\n<meta name=\"robots\" content=\"index, follow, max-snippet:-1, max-image-preview:large, max-video-preview:-1\" \/>\n<link rel=\"canonical\" href=\"https:\/\/priordei.com\/es\/contacto\/\" \/>\n<meta property=\"og:locale\" content=\"es_ES\" \/>\n<meta property=\"og:type\" content=\"article\" \/>\n<meta property=\"og:title\" content=\"\u25b7Contacto - \u3010 PRIORDEI \u3011\" \/>\n<meta property=\"og:description\" content=\"Contacte con nosotros Estamos aqu\u00ed para resolver sus dudas, atender sus pedidos u ofrecerle m\u00e1s informaci\u00f3n sobre nuestros productos y experiencias.Si lo \u2713\" \/>\n<meta property=\"og:url\" content=\"https:\/\/priordei.com\/es\/contacto\/\" \/>\n<meta property=\"og:site_name\" content=\"PRIORDEI\" \/>\n<meta property=\"article:modified_time\" content=\"2025-11-20T07:25:39+00:00\" \/>\n<meta name=\"twitter:card\" content=\"summary_large_image\" \/>\n<script type=\"application\/ld+json\" class=\"yoast-schema-graph\">{\"@context\":\"https:\\\/\\\/schema.org\",\"@graph\":[{\"@type\":\"WebPage\",\"@id\":\"https:\\\/\\\/priordei.com\\\/es\\\/contacto\\\/\",\"url\":\"https:\\\/\\\/priordei.com\\\/es\\\/contacto\\\/\",\"name\":\"\u25b7Contacto - \u3010 PRIORDEI \u3011\",\"isPartOf\":{\"@id\":\"https:\\\/\\\/priordei.com\\\/es\\\/#website\"},\"datePublished\":\"2025-10-23T11:50:35+00:00\",\"dateModified\":\"2025-11-20T07:25:39+00:00\",\"description\":\"Contacte con nosotros Estamos aqu\u00ed para resolver sus dudas, atender sus pedidos u ofrecerle m\u00e1s informaci\u00f3n sobre nuestros productos y experiencias.Si lo \u2713\",\"breadcrumb\":{\"@id\":\"https:\\\/\\\/priordei.com\\\/es\\\/contacto\\\/#breadcrumb\"},\"inLanguage\":\"es\",\"potentialAction\":[{\"@type\":\"ReadAction\",\"target\":[\"https:\\\/\\\/priordei.com\\\/es\\\/contacto\\\/\"]}]},{\"@type\":\"BreadcrumbList\",\"@id\":\"https:\\\/\\\/priordei.com\\\/es\\\/contacto\\\/#breadcrumb\",\"itemListElement\":[{\"@type\":\"ListItem\",\"position\":1,\"name\":\"Portada\",\"item\":\"https:\\\/\\\/priordei.com\\\/es\\\/inicio\\\/\"},{\"@type\":\"ListItem\",\"position\":2,\"name\":\"Contacto\"}]},{\"@type\":\"WebSite\",\"@id\":\"https:\\\/\\\/priordei.com\\\/es\\\/#website\",\"url\":\"https:\\\/\\\/priordei.com\\\/es\\\/\",\"name\":\"PRIORDEI\",\"description\":\"Olis d&#039;oliva des de 1789\",\"publisher\":{\"@id\":\"https:\\\/\\\/priordei.com\\\/es\\\/#organization\"},\"potentialAction\":[{\"@type\":\"SearchAction\",\"target\":{\"@type\":\"EntryPoint\",\"urlTemplate\":\"https:\\\/\\\/priordei.com\\\/es\\\/?s={search_term_string}\"},\"query-input\":{\"@type\":\"PropertyValueSpecification\",\"valueRequired\":true,\"valueName\":\"search_term_string\"}}],\"inLanguage\":\"es\"},{\"@type\":\"Organization\",\"@id\":\"https:\\\/\\\/priordei.com\\\/es\\\/#organization\",\"name\":\"PRIORDEI\",\"url\":\"https:\\\/\\\/priordei.com\\\/es\\\/\",\"logo\":{\"@type\":\"ImageObject\",\"inLanguage\":\"es\",\"@id\":\"https:\\\/\\\/priordei.com\\\/es\\\/#\\\/schema\\\/logo\\\/image\\\/\",\"url\":\"https:\\\/\\\/priordei.com\\\/wp-content\\\/uploads\\\/2021\\\/10\\\/logo-priordei_blanco-1.png\",\"contentUrl\":\"https:\\\/\\\/priordei.com\\\/wp-content\\\/uploads\\\/2021\\\/10\\\/logo-priordei_blanco-1.png\",\"width\":181,\"height\":60,\"caption\":\"PRIORDEI\"},\"image\":{\"@id\":\"https:\\\/\\\/priordei.com\\\/es\\\/#\\\/schema\\\/logo\\\/image\\\/\"}}]}<\/script>\n<!-- \/ Yoast SEO plugin. -->","yoast_head_json":{"title":"\u25b7Contacto - \u3010 PRIORDEI \u3011","description":"Contacte con nosotros Estamos aqu\u00ed para resolver sus dudas, atender sus pedidos u ofrecerle m\u00e1s informaci\u00f3n sobre nuestros productos y experiencias.Si lo \u2713","robots":{"index":"index","follow":"follow","max-snippet":"max-snippet:-1","max-image-preview":"max-image-preview:large","max-video-preview":"max-video-preview:-1"},"canonical":"https:\/\/priordei.com\/es\/contacto\/","og_locale":"es_ES","og_type":"article","og_title":"\u25b7Contacto - \u3010 PRIORDEI \u3011","og_description":"Contacte con nosotros Estamos aqu\u00ed para resolver sus dudas, atender sus pedidos u ofrecerle m\u00e1s informaci\u00f3n sobre nuestros productos y experiencias.Si lo \u2713","og_url":"https:\/\/priordei.com\/es\/contacto\/","og_site_name":"PRIORDEI","article_modified_time":"2025-11-20T07:25:39+00:00","twitter_card":"summary_large_image","schema":{"@context":"https:\/\/schema.org","@graph":[{"@type":"WebPage","@id":"https:\/\/priordei.com\/es\/contacto\/","url":"https:\/\/priordei.com\/es\/contacto\/","name":"\u25b7Contacto - \u3010 PRIORDEI \u3011","isPartOf":{"@id":"https:\/\/priordei.com\/es\/#website"},"datePublished":"2025-10-23T11:50:35+00:00","dateModified":"2025-11-20T07:25:39+00:00","description":"Contacte con nosotros Estamos aqu\u00ed para resolver sus dudas, atender sus pedidos u ofrecerle m\u00e1s informaci\u00f3n sobre nuestros productos y experiencias.Si lo \u2713","breadcrumb":{"@id":"https:\/\/priordei.com\/es\/contacto\/#breadcrumb"},"inLanguage":"es","potentialAction":[{"@type":"ReadAction","target":["https:\/\/priordei.com\/es\/contacto\/"]}]},{"@type":"BreadcrumbList","@id":"https:\/\/priordei.com\/es\/contacto\/#breadcrumb","itemListElement":[{"@type":"ListItem","position":1,"name":"Portada","item":"https:\/\/priordei.com\/es\/inicio\/"},{"@type":"ListItem","position":2,"name":"Contacto"}]},{"@type":"WebSite","@id":"https:\/\/priordei.com\/es\/#website","url":"https:\/\/priordei.com\/es\/","name":"PRIORDEI","description":"Olis d&#039;oliva des de 1789","publisher":{"@id":"https:\/\/priordei.com\/es\/#organization"},"potentialAction":[{"@type":"SearchAction","target":{"@type":"EntryPoint","urlTemplate":"https:\/\/priordei.com\/es\/?s={search_term_string}"},"query-input":{"@type":"PropertyValueSpecification","valueRequired":true,"valueName":"search_term_string"}}],"inLanguage":"es"},{"@type":"Organization","@id":"https:\/\/priordei.com\/es\/#organization","name":"PRIORDEI","url":"https:\/\/priordei.com\/es\/","logo":{"@type":"ImageObject","inLanguage":"es","@id":"https:\/\/priordei.com\/es\/#\/schema\/logo\/image\/","url":"https:\/\/priordei.com\/wp-content\/uploads\/2021\/10\/logo-priordei_blanco-1.png","contentUrl":"https:\/\/priordei.com\/wp-content\/uploads\/2021\/10\/logo-priordei_blanco-1.png","width":181,"height":60,"caption":"PRIORDEI"},"image":{"@id":"https:\/\/priordei.com\/es\/#\/schema\/logo\/image\/"}}]}},"_links":{"self":[{"href":"https:\/\/priordei.com\/es\/wp-json\/wp\/v2\/pages\/1931","targetHints":{"allow":["GET"]}}],"collection":[{"href":"https:\/\/priordei.com\/es\/wp-json\/wp\/v2\/pages"}],"about":[{"href":"https:\/\/priordei.com\/es\/wp-json\/wp\/v2\/types\/page"}],"author":[{"embeddable":true,"href":"https:\/\/priordei.com\/es\/wp-json\/wp\/v2\/users\/3"}],"replies":[{"embeddable":true,"href":"https:\/\/priordei.com\/es\/wp-json\/wp\/v2\/comments?post=1931"}],"version-history":[{"count":1,"href":"https:\/\/priordei.com\/es\/wp-json\/wp\/v2\/pages\/1931\/revisions"}],"predecessor-version":[{"id":1933,"href":"https:\/\/priordei.com\/es\/wp-json\/wp\/v2\/pages\/1931\/revisions\/1933"}],"wp:attachment":[{"href":"https:\/\/priordei.com\/es\/wp-json\/wp\/v2\/media?parent=1931"}],"curies":[{"name":"wp","href":"https:\/\/api.w.org\/{rel}","templated":true}]}}